{"id":1267,"date":"2023-08-13T09:57:48","date_gmt":"2023-08-13T06:57:48","guid":{"rendered":"http:\/\/www.siimansotkijat.net\/Sivut\/?page_id=1267"},"modified":"2023-08-13T10:16:25","modified_gmt":"2023-08-13T07:16:25","slug":"seuracup-2012","status":"publish","type":"page","link":"https:\/\/www.siimansotkijat.net\/Sivut\/seuracup-2012\/","title":{"rendered":"Seuracup 2012"},"content":{"rendered":"\n<p><\/p>\n\n\n\n<figure class=\"wp-block-image size-full\"><a href=\"http:\/\/www.siimansotkijat.net\/Sivut\/wp-content\/uploads\/2023\/08\/IMG_5913.jpg\"><img loading=\"lazy\" decoding=\"async\" width=\"640\" height=\"427\" src=\"http:\/\/www.siimansotkijat.net\/Sivut\/wp-content\/uploads\/2023\/08\/IMG_5913.jpg\" alt=\"\" class=\"wp-image-1268\" srcset=\"https:\/\/www.siimansotkijat.net\/Sivut\/wp-content\/uploads\/2023\/08\/IMG_5913.jpg 640w, https:\/\/www.siimansotkijat.net\/Sivut\/wp-content\/uploads\/2023\/08\/IMG_5913-300x200.jpg 300w, https:\/\/www.siimansotkijat.net\/Sivut\/wp-content\/uploads\/2023\/08\/IMG_5913-272x182.jpg 272w\" sizes=\"(max-width: 640px) 100vw, 640px\" \/><\/a><\/figure>\n\n\n\n<figure class=\"wp-block-image size-full is-resized\"><a href=\"http:\/\/www.siimansotkijat.net\/Sivut\/wp-content\/uploads\/2023\/08\/Screenshot-from-2023-08-13-09-57-21.png\"><img loading=\"lazy\" decoding=\"async\" src=\"http:\/\/www.siimansotkijat.net\/Sivut\/wp-content\/uploads\/2023\/08\/Screenshot-from-2023-08-13-09-57-21.png\" alt=\"\" class=\"wp-image-1269\" width=\"782\" height=\"332\" srcset=\"https:\/\/www.siimansotkijat.net\/Sivut\/wp-content\/uploads\/2023\/08\/Screenshot-from-2023-08-13-09-57-21.png 737w, https:\/\/www.siimansotkijat.net\/Sivut\/wp-content\/uploads\/2023\/08\/Screenshot-from-2023-08-13-09-57-21-300x128.png 300w\" sizes=\"(max-width: 782px) 100vw, 782px\" \/><\/a><\/figure>\n\n\n\n<p class=\"has-medium-font-size\"><strong>Suontee 20.7.2012<\/strong><\/p>\n\n\n\n<p style=\"font-size:19px\">Yht\u00e4\u00e4n mitallista taimenta ei tuotu puntarille.<\/p>\n\n\n\n<p style=\"font-size:19px\">1 osallistumispiste suonteelta seuraaville:<br><br>Marko Hyv\u00f6nen, Jarmo Vaittinen, Marko Turpeinen, Lauri Vilhunen, Tuomo Nyyss\u00f6nen, Henri Turpeinen, Ari V\u00e4nttinen, Markku Rossi ja Arto Suihkonen.<\/p>\n\n\n\n<hr class=\"wp-block-separator has-alpha-channel-opacity\"\/>\n\n\n\n<hr class=\"wp-block-separator has-alpha-channel-opacity\"\/>\n\n\n\n<p class=\"has-medium-font-size\"><strong>Iisvesi 20.7.2012<\/strong><\/p>\n\n\n\n<ol>\n<li style=\"font-size:19px\"><strong>Tuomo Nyyss\u00f6nen<\/strong>&nbsp;ja&nbsp;<strong>Jyri Raatikainen<\/strong>&nbsp;yhteistuloksella 9945g.<\/li>\n\n\n\n<li style=\"font-size:19px\"><strong>Jarmo, Piia&nbsp;<\/strong>ja<strong>&nbsp;Minna Vaittinen&nbsp;<\/strong>yhteistuloksella 5945g.<\/li>\n\n\n\n<li style=\"font-size:19px\"><strong>Timo Piiroinen, Joonas Piiroinen&nbsp;<\/strong>ja<strong>&nbsp;Markku Malinen&nbsp;<\/strong>yhteistuloksella 4651g.<\/li>\n<\/ol>\n\n\n\n<figure class=\"wp-block-image size-full is-resized\"><img loading=\"lazy\" decoding=\"async\" src=\"http:\/\/www.siimansotkijat.net\/Sivut\/wp-content\/uploads\/2023\/08\/Screenshot-from-2023-08-13-10-06-11.png\" alt=\"\" class=\"wp-image-1283\" width=\"817\" height=\"347\" srcset=\"https:\/\/www.siimansotkijat.net\/Sivut\/wp-content\/uploads\/2023\/08\/Screenshot-from-2023-08-13-10-06-11.png 737w, https:\/\/www.siimansotkijat.net\/Sivut\/wp-content\/uploads\/2023\/08\/Screenshot-from-2023-08-13-10-06-11-300x128.png 300w\" sizes=\"(max-width: 817px) 100vw, 817px\" \/><\/figure>\n\n\n\n<figure class=\"wp-block-gallery has-nested-images columns-default is-cropped wp-block-gallery-1 is-layout-flex wp-block-gallery-is-layout-flex\">\n<figure class=\"wp-block-image size-large\"><a href=\"http:\/\/www.siimansotkijat.net\/Sivut\/wp-content\/uploads\/2023\/08\/Iisveden-kuhakisan-punnitus.jpg\"><img loading=\"lazy\" decoding=\"async\" width=\"480\" height=\"640\" data-id=\"1278\" src=\"http:\/\/www.siimansotkijat.net\/Sivut\/wp-content\/uploads\/2023\/08\/Iisveden-kuhakisan-punnitus.jpg\" alt=\"\" class=\"wp-image-1278\" srcset=\"https:\/\/www.siimansotkijat.net\/Sivut\/wp-content\/uploads\/2023\/08\/Iisveden-kuhakisan-punnitus.jpg 480w, https:\/\/www.siimansotkijat.net\/Sivut\/wp-content\/uploads\/2023\/08\/Iisveden-kuhakisan-punnitus-225x300.jpg 225w\" sizes=\"(max-width: 480px) 100vw, 480px\" \/><\/a><\/figure>\n\n\n\n<figure class=\"wp-block-image size-large\"><a href=\"http:\/\/www.siimansotkijat.net\/Sivut\/wp-content\/uploads\/2023\/08\/Iisvesi-karkikolmikko.jpg\"><img loading=\"lazy\" decoding=\"async\" width=\"640\" height=\"480\" data-id=\"1276\" src=\"http:\/\/www.siimansotkijat.net\/Sivut\/wp-content\/uploads\/2023\/08\/Iisvesi-karkikolmikko.jpg\" alt=\"\" class=\"wp-image-1276\" srcset=\"https:\/\/www.siimansotkijat.net\/Sivut\/wp-content\/uploads\/2023\/08\/Iisvesi-karkikolmikko.jpg 640w, https:\/\/www.siimansotkijat.net\/Sivut\/wp-content\/uploads\/2023\/08\/Iisvesi-karkikolmikko-300x225.jpg 300w\" sizes=\"(max-width: 640px) 100vw, 640px\" \/><\/a><\/figure>\n\n\n\n<figure class=\"wp-block-image size-large\"><a href=\"http:\/\/www.siimansotkijat.net\/Sivut\/wp-content\/uploads\/2023\/08\/Iisvesi-kuhakisa-punnitus.jpg\"><img loading=\"lazy\" decoding=\"async\" width=\"640\" height=\"480\" data-id=\"1277\" src=\"http:\/\/www.siimansotkijat.net\/Sivut\/wp-content\/uploads\/2023\/08\/Iisvesi-kuhakisa-punnitus.jpg\" alt=\"\" class=\"wp-image-1277\" srcset=\"https:\/\/www.siimansotkijat.net\/Sivut\/wp-content\/uploads\/2023\/08\/Iisvesi-kuhakisa-punnitus.jpg 640w, https:\/\/www.siimansotkijat.net\/Sivut\/wp-content\/uploads\/2023\/08\/Iisvesi-kuhakisa-punnitus-300x225.jpg 300w\" sizes=\"(max-width: 640px) 100vw, 640px\" \/><\/a><\/figure>\n\n\n\n<figure class=\"wp-block-image size-large\"><a href=\"http:\/\/www.siimansotkijat.net\/Sivut\/wp-content\/uploads\/2023\/08\/punnittavaa-riitti.jpg\"><img loading=\"lazy\" decoding=\"async\" width=\"640\" height=\"480\" data-id=\"1279\" src=\"http:\/\/www.siimansotkijat.net\/Sivut\/wp-content\/uploads\/2023\/08\/punnittavaa-riitti.jpg\" alt=\"\" class=\"wp-image-1279\" srcset=\"https:\/\/www.siimansotkijat.net\/Sivut\/wp-content\/uploads\/2023\/08\/punnittavaa-riitti.jpg 640w, https:\/\/www.siimansotkijat.net\/Sivut\/wp-content\/uploads\/2023\/08\/punnittavaa-riitti-300x225.jpg 300w\" sizes=\"(max-width: 640px) 100vw, 640px\" \/><\/a><\/figure>\n\n\n\n<figure class=\"wp-block-image size-large\"><a href=\"http:\/\/www.siimansotkijat.net\/Sivut\/wp-content\/uploads\/2023\/08\/punnitus.jpg\"><img loading=\"lazy\" decoding=\"async\" width=\"640\" height=\"480\" data-id=\"1280\" src=\"http:\/\/www.siimansotkijat.net\/Sivut\/wp-content\/uploads\/2023\/08\/punnitus.jpg\" alt=\"\" class=\"wp-image-1280\" srcset=\"https:\/\/www.siimansotkijat.net\/Sivut\/wp-content\/uploads\/2023\/08\/punnitus.jpg 640w, https:\/\/www.siimansotkijat.net\/Sivut\/wp-content\/uploads\/2023\/08\/punnitus-300x225.jpg 300w\" sizes=\"(max-width: 640px) 100vw, 640px\" \/><\/a><\/figure>\n<\/figure>\n\n\n\n<hr class=\"wp-block-separator has-alpha-channel-opacity\"\/>\n\n\n\n<hr class=\"wp-block-separator has-alpha-channel-opacity\"\/>\n\n\n\n<p class=\"has-medium-font-size\"><strong>Suontee 6.7.2012<\/strong><\/p>\n\n\n\n<p style=\"font-size:19px\">Kuhan pyynti Suonteella osoittautui haasteeliseksi, ainoastaan 6 venekuntaa toi kuhia puntarille.<\/p>\n\n\n\n<ol>\n<li style=\"font-size:19px\"><strong>Tuomo Nyyss\u00f6nen<\/strong>&nbsp;ja&nbsp;<strong>Jyri Raatikainen<\/strong>&nbsp;yhteistuloksella 3650g.<\/li>\n\n\n\n<li style=\"font-size:19px\"><strong>Marko<\/strong>&nbsp;ja&nbsp;<strong>Iiro<\/strong>&nbsp;<strong>Turpeinen<\/strong>,&nbsp;<strong>Seppo Hujanen<\/strong>&nbsp;ja&nbsp;<strong>Tatu Onttonen<\/strong>&nbsp;yhteistuloksella 2840g.<\/li>\n\n\n\n<li style=\"font-size:19px\"><strong>Henri Turpeinen<\/strong>,&nbsp;<strong>J Suihkonen<\/strong>&nbsp;ja&nbsp;<strong>J Hakulinen&nbsp;<\/strong>yhteistuloksella 1670g.<\/li>\n<\/ol>\n\n\n\n<figure class=\"wp-block-image size-full is-resized\"><img loading=\"lazy\" decoding=\"async\" src=\"http:\/\/www.siimansotkijat.net\/Sivut\/wp-content\/uploads\/2023\/08\/Screenshot-from-2023-08-13-10-11-33.png\" alt=\"\" class=\"wp-image-1286\" width=\"824\" height=\"285\" srcset=\"https:\/\/www.siimansotkijat.net\/Sivut\/wp-content\/uploads\/2023\/08\/Screenshot-from-2023-08-13-10-11-33.png 835w, https:\/\/www.siimansotkijat.net\/Sivut\/wp-content\/uploads\/2023\/08\/Screenshot-from-2023-08-13-10-11-33-300x104.png 300w, https:\/\/www.siimansotkijat.net\/Sivut\/wp-content\/uploads\/2023\/08\/Screenshot-from-2023-08-13-10-11-33-768x266.png 768w\" sizes=\"(max-width: 824px) 100vw, 824px\" \/><\/figure>\n\n\n\n<figure class=\"wp-block-gallery has-nested-images columns-default is-cropped wp-block-gallery-2 is-layout-flex wp-block-gallery-is-layout-flex\">\n<figure class=\"wp-block-image size-large\"><a href=\"http:\/\/www.siimansotkijat.net\/Sivut\/wp-content\/uploads\/2023\/08\/Suonteen-kuhakisan-mitalikolmikko.jpg\"><img loading=\"lazy\" decoding=\"async\" width=\"640\" height=\"480\" data-id=\"1288\" src=\"http:\/\/www.siimansotkijat.net\/Sivut\/wp-content\/uploads\/2023\/08\/Suonteen-kuhakisan-mitalikolmikko.jpg\" alt=\"\" class=\"wp-image-1288\" srcset=\"https:\/\/www.siimansotkijat.net\/Sivut\/wp-content\/uploads\/2023\/08\/Suonteen-kuhakisan-mitalikolmikko.jpg 640w, https:\/\/www.siimansotkijat.net\/Sivut\/wp-content\/uploads\/2023\/08\/Suonteen-kuhakisan-mitalikolmikko-300x225.jpg 300w\" sizes=\"(max-width: 640px) 100vw, 640px\" \/><\/a><\/figure>\n\n\n\n<figure class=\"wp-block-image size-large\"><a href=\"http:\/\/www.siimansotkijat.net\/Sivut\/wp-content\/uploads\/2023\/08\/Suonteen-kuhakisan-voittajat-12.jpg\"><img loading=\"lazy\" decoding=\"async\" width=\"480\" height=\"640\" data-id=\"1287\" src=\"http:\/\/www.siimansotkijat.net\/Sivut\/wp-content\/uploads\/2023\/08\/Suonteen-kuhakisan-voittajat-12.jpg\" alt=\"\" class=\"wp-image-1287\" srcset=\"https:\/\/www.siimansotkijat.net\/Sivut\/wp-content\/uploads\/2023\/08\/Suonteen-kuhakisan-voittajat-12.jpg 480w, https:\/\/www.siimansotkijat.net\/Sivut\/wp-content\/uploads\/2023\/08\/Suonteen-kuhakisan-voittajat-12-225x300.jpg 225w\" sizes=\"(max-width: 480px) 100vw, 480px\" \/><\/a><\/figure>\n<\/figure>\n\n\n\n<hr class=\"wp-block-separator has-alpha-channel-opacity\"\/>\n\n\n\n<hr class=\"wp-block-separator has-alpha-channel-opacity\"\/>\n\n\n\n<p class=\"has-medium-font-size\"><strong>Iisvesi 16.6.2012<\/strong><\/p>\n\n\n\n<p style=\"font-size:19px\">Seuracupin avausosakilpailu k\u00e4ytiin Iisvedell\u00e4, kaksi venekuntaa k\u00e4vi tiukan pistekamppailun. Voittajaksi selviytyi&nbsp;<strong>Marko Turpeinen&nbsp;<\/strong>ja&nbsp;<strong>Seppo Hujanen<\/strong>&nbsp;25980 pisteell\u00e4. Venekunnalla saaliina my\u00f6s 2210g painanut taimen.<\/p>\n\n\n\n<p style=\"font-size:19px\">Toiseksi sijoittuivat&nbsp;<strong>Pete Makkonen&nbsp;<\/strong>ja&nbsp;<strong>Teemu H\u00e4m\u00e4l\u00e4inen<\/strong>&nbsp;komean 3083g painaneen taimenen siivitt\u00e4m\u00e4n\u00e4. Pisteit\u00e4 venekunta sai 25189.<\/p>\n\n\n\n<p style=\"font-size:19px\">Kolmas sija meni&nbsp;<strong>Jouni Jemiselle&nbsp;<\/strong>ja&nbsp;<strong>Jani Hokkaselle<\/strong>. Venekunta toi puntarille kisan isoimman hauen 5695g.<\/p>\n\n\n\n<figure class=\"wp-block-image size-full is-resized\"><a href=\"http:\/\/www.siimansotkijat.net\/Sivut\/wp-content\/uploads\/2023\/08\/Screenshot-from-2023-08-13-10-15-08.png\"><img loading=\"lazy\" decoding=\"async\" src=\"http:\/\/www.siimansotkijat.net\/Sivut\/wp-content\/uploads\/2023\/08\/Screenshot-from-2023-08-13-10-15-08.png\" alt=\"\" class=\"wp-image-1289\" width=\"784\" height=\"267\" srcset=\"https:\/\/www.siimansotkijat.net\/Sivut\/wp-content\/uploads\/2023\/08\/Screenshot-from-2023-08-13-10-15-08.png 758w, https:\/\/www.siimansotkijat.net\/Sivut\/wp-content\/uploads\/2023\/08\/Screenshot-from-2023-08-13-10-15-08-300x102.png 300w\" sizes=\"(max-width: 784px) 100vw, 784px\" \/><\/a><\/figure>\n","protected":false},"excerpt":{"rendered":"<p>Suontee 20.7.2012 Yht\u00e4\u00e4n mitallista taimenta ei tuotu puntarille. 1 osallistumispiste suonteelta seuraaville: Marko Hyv\u00f6nen, Jarmo Vaittinen, Marko Turpeinen, Lauri Vilhunen, Tuomo Nyyss\u00f6nen, Henri Turpeinen, Ari V\u00e4nttinen, Markku Rossi ja Arto Suihkonen. Iisvesi 20.7.2012 Suontee 6.7.2012 Kuhan pyynti Suonteella osoittautui haasteeliseksi, ainoastaan 6 venekuntaa toi kuhia puntarille. Iisvesi 16.6.2012 Seuracupin avausosakilpailu k\u00e4ytiin Iisvedell\u00e4, kaksi venekuntaa k\u00e4vi [&hellip;]<\/p>\n","protected":false},"author":1,"featured_media":0,"parent":0,"menu_order":0,"comment_status":"closed","ping_status":"closed","template":"","meta":{"footnotes":""},"_links":{"self":[{"href":"https:\/\/www.siimansotkijat.net\/Sivut\/wp-json\/wp\/v2\/pages\/1267"}],"collection":[{"href":"https:\/\/www.siimansotkijat.net\/Sivut\/wp-json\/wp\/v2\/pages"}],"about":[{"href":"https:\/\/www.siimansotkijat.net\/Sivut\/wp-json\/wp\/v2\/types\/page"}],"author":[{"embeddable":true,"href":"https:\/\/www.siimansotkijat.net\/Sivut\/wp-json\/wp\/v2\/users\/1"}],"replies":[{"embeddable":true,"href":"https:\/\/www.siimansotkijat.net\/Sivut\/wp-json\/wp\/v2\/comments?post=1267"}],"version-history":[{"count":6,"href":"https:\/\/www.siimansotkijat.net\/Sivut\/wp-json\/wp\/v2\/pages\/1267\/revisions"}],"predecessor-version":[{"id":1290,"href":"https:\/\/www.siimansotkijat.net\/Sivut\/wp-json\/wp\/v2\/pages\/1267\/revisions\/1290"}],"wp:attachment":[{"href":"https:\/\/www.siimansotkijat.net\/Sivut\/wp-json\/wp\/v2\/media?parent=1267"}],"curies":[{"name":"wp","href":"https:\/\/api.w.org\/{rel}","templated":true}]}}