{"id":1292,"date":"2023-08-13T10:32:43","date_gmt":"2023-08-13T07:32:43","guid":{"rendered":"http:\/\/www.siimansotkijat.net\/Sivut\/?page_id=1292"},"modified":"2023-08-13T10:35:50","modified_gmt":"2023-08-13T07:35:50","slug":"seuracup-2011","status":"publish","type":"page","link":"https:\/\/www.siimansotkijat.net\/Sivut\/seuracup-2011\/","title":{"rendered":"Seuracup 2011"},"content":{"rendered":"\n<figure class=\"wp-block-image size-full is-resized\"><img loading=\"lazy\" decoding=\"async\" src=\"http:\/\/www.siimansotkijat.net\/Sivut\/wp-content\/uploads\/2023\/08\/Screenshot-from-2023-08-13-10-20-04.png\" alt=\"\" class=\"wp-image-1293\" width=\"835\" height=\"369\" srcset=\"https:\/\/www.siimansotkijat.net\/Sivut\/wp-content\/uploads\/2023\/08\/Screenshot-from-2023-08-13-10-20-04.png 723w, https:\/\/www.siimansotkijat.net\/Sivut\/wp-content\/uploads\/2023\/08\/Screenshot-from-2023-08-13-10-20-04-300x133.png 300w\" sizes=\"(max-width: 835px) 100vw, 835px\" \/><\/figure>\n\n\n\n<p class=\"has-medium-font-size\"><strong>Suontee 8.10.2011<\/strong><\/p>\n\n\n\n<p style=\"font-size:19px\">Seuracupin viimeinen ja samalla yleinen taimenuistelu k\u00e4ytiin Suonteella syksyn aurinkoisempana p\u00e4iv\u00e4n\u00e4.Venekuntia oli mukana 16 ja puntarille tuli 2 mitant\u00e4ytt\u00e4v\u00e4\u00e4 (50cm) taimenta.<\/p>\n\n\n\n<p style=\"font-size:19px\">Voiton vei<strong>&nbsp;Vaittiset<\/strong>.<strong>&nbsp;Jarmo<\/strong>,&nbsp;<strong>Piia<\/strong>&nbsp;ja&nbsp;<strong>Minna<\/strong>&nbsp;2165g painaneella taimenella.<\/p>\n\n\n\n<p style=\"font-size:19px\">Toiseksi tuli&nbsp;<strong>Seppo<\/strong>&nbsp;ja<strong>&nbsp;Raili Hujanen<\/strong>&nbsp;1562g painaneella kalalla.<\/p>\n\n\n\n<p style=\"font-size:19px\">Onnittelut kaloja saaneille.<\/p>\n\n\n\n<figure class=\"wp-block-gallery has-nested-images columns-default is-cropped wp-block-gallery-1 is-layout-flex wp-block-gallery-is-layout-flex\">\n<figure class=\"wp-block-image size-large\"><a href=\"http:\/\/www.siimansotkijat.net\/Sivut\/wp-content\/uploads\/2023\/08\/suontee_8_10_2011_1.jpg\"><img loading=\"lazy\" decoding=\"async\" width=\"640\" height=\"480\" data-id=\"1297\" src=\"http:\/\/www.siimansotkijat.net\/Sivut\/wp-content\/uploads\/2023\/08\/suontee_8_10_2011_1.jpg\" alt=\"\" class=\"wp-image-1297\" srcset=\"https:\/\/www.siimansotkijat.net\/Sivut\/wp-content\/uploads\/2023\/08\/suontee_8_10_2011_1.jpg 640w, https:\/\/www.siimansotkijat.net\/Sivut\/wp-content\/uploads\/2023\/08\/suontee_8_10_2011_1-300x225.jpg 300w\" sizes=\"(max-width: 640px) 100vw, 640px\" \/><\/a><\/figure>\n\n\n\n<figure class=\"wp-block-image size-large\"><a href=\"http:\/\/www.siimansotkijat.net\/Sivut\/wp-content\/uploads\/2023\/08\/suontee_8_10_2011_2.jpg\"><img loading=\"lazy\" decoding=\"async\" width=\"640\" height=\"480\" data-id=\"1296\" src=\"http:\/\/www.siimansotkijat.net\/Sivut\/wp-content\/uploads\/2023\/08\/suontee_8_10_2011_2.jpg\" alt=\"\" class=\"wp-image-1296\" srcset=\"https:\/\/www.siimansotkijat.net\/Sivut\/wp-content\/uploads\/2023\/08\/suontee_8_10_2011_2.jpg 640w, https:\/\/www.siimansotkijat.net\/Sivut\/wp-content\/uploads\/2023\/08\/suontee_8_10_2011_2-300x225.jpg 300w\" sizes=\"(max-width: 640px) 100vw, 640px\" \/><\/a><\/figure>\n\n\n\n<figure class=\"wp-block-image size-large\"><a href=\"http:\/\/www.siimansotkijat.net\/Sivut\/wp-content\/uploads\/2023\/08\/suontee_8_10_2011_3.jpg\"><img loading=\"lazy\" decoding=\"async\" width=\"640\" height=\"480\" data-id=\"1295\" src=\"http:\/\/www.siimansotkijat.net\/Sivut\/wp-content\/uploads\/2023\/08\/suontee_8_10_2011_3.jpg\" alt=\"\" class=\"wp-image-1295\" srcset=\"https:\/\/www.siimansotkijat.net\/Sivut\/wp-content\/uploads\/2023\/08\/suontee_8_10_2011_3.jpg 640w, https:\/\/www.siimansotkijat.net\/Sivut\/wp-content\/uploads\/2023\/08\/suontee_8_10_2011_3-300x225.jpg 300w\" sizes=\"(max-width: 640px) 100vw, 640px\" \/><\/a><\/figure>\n\n\n\n<figure class=\"wp-block-image size-large\"><a href=\"http:\/\/www.siimansotkijat.net\/Sivut\/wp-content\/uploads\/2023\/08\/suontee_8_10_2011_4.jpg\"><img loading=\"lazy\" decoding=\"async\" width=\"640\" height=\"480\" data-id=\"1294\" src=\"http:\/\/www.siimansotkijat.net\/Sivut\/wp-content\/uploads\/2023\/08\/suontee_8_10_2011_4.jpg\" alt=\"\" class=\"wp-image-1294\" srcset=\"https:\/\/www.siimansotkijat.net\/Sivut\/wp-content\/uploads\/2023\/08\/suontee_8_10_2011_4.jpg 640w, https:\/\/www.siimansotkijat.net\/Sivut\/wp-content\/uploads\/2023\/08\/suontee_8_10_2011_4-300x225.jpg 300w\" sizes=\"(max-width: 640px) 100vw, 640px\" \/><\/a><\/figure>\n<\/figure>\n\n\n\n<hr class=\"wp-block-separator has-alpha-channel-opacity\"\/>\n\n\n\n<hr class=\"wp-block-separator has-alpha-channel-opacity\"\/>\n\n\n\n<p class=\"has-medium-font-size\"><strong>Iisvesi 29.7.2011<\/strong><\/p>\n\n\n\n<p style=\"font-size:19px\">Seuracupin kolmas osakilpailu oli Iisveden kuhakisa, voittajaksi selviytyi&nbsp;<strong>Marko Hyv\u00f6nen<\/strong>,&nbsp;<strong>Ville Hyv\u00f6nen<\/strong>&nbsp;ja&nbsp;<strong>Anu Huttunen<\/strong>&nbsp;komealla 12103g yhteistuloksella.<\/p>\n\n\n\n<p style=\"font-size:19px\">Toisena&nbsp;<strong>Marko Turpeinen<\/strong>&nbsp;ja&nbsp;<strong>Seppo Hujanen<\/strong>&nbsp;yhteistuloksella 3510g.<\/p>\n\n\n\n<p style=\"font-size:19px\">Kolmannen sijan vei&nbsp;<strong>Ilkka Turunen<\/strong>&nbsp;ja&nbsp;<strong>Kristian Viitanen<\/strong>&nbsp;tuloksella 3390g .<\/p>\n\n\n\n<figure class=\"wp-block-image size-full is-resized\"><img loading=\"lazy\" decoding=\"async\" src=\"http:\/\/www.siimansotkijat.net\/Sivut\/wp-content\/uploads\/2023\/08\/Screenshot-from-2023-08-13-10-24-40.png\" alt=\"\" class=\"wp-image-1298\" width=\"817\" height=\"361\" srcset=\"https:\/\/www.siimansotkijat.net\/Sivut\/wp-content\/uploads\/2023\/08\/Screenshot-from-2023-08-13-10-24-40.png 723w, https:\/\/www.siimansotkijat.net\/Sivut\/wp-content\/uploads\/2023\/08\/Screenshot-from-2023-08-13-10-24-40-300x133.png 300w\" sizes=\"(max-width: 817px) 100vw, 817px\" \/><\/figure>\n\n\n\n<figure class=\"wp-block-gallery has-nested-images columns-default is-cropped wp-block-gallery-2 is-layout-flex wp-block-gallery-is-layout-flex\">\n<figure class=\"wp-block-image size-large\"><a href=\"http:\/\/www.siimansotkijat.net\/Sivut\/wp-content\/uploads\/2023\/08\/iisvesiKuha2011_1.jpg\"><img loading=\"lazy\" decoding=\"async\" width=\"480\" height=\"640\" data-id=\"1299\" src=\"http:\/\/www.siimansotkijat.net\/Sivut\/wp-content\/uploads\/2023\/08\/iisvesiKuha2011_1.jpg\" alt=\"\" class=\"wp-image-1299\" srcset=\"https:\/\/www.siimansotkijat.net\/Sivut\/wp-content\/uploads\/2023\/08\/iisvesiKuha2011_1.jpg 480w, https:\/\/www.siimansotkijat.net\/Sivut\/wp-content\/uploads\/2023\/08\/iisvesiKuha2011_1-225x300.jpg 225w\" sizes=\"(max-width: 480px) 100vw, 480px\" \/><\/a><\/figure>\n\n\n\n<figure class=\"wp-block-image size-large\"><a href=\"http:\/\/www.siimansotkijat.net\/Sivut\/wp-content\/uploads\/2023\/08\/iisvesiKuha2011_2.jpg\"><img loading=\"lazy\" decoding=\"async\" width=\"480\" height=\"640\" data-id=\"1300\" src=\"http:\/\/www.siimansotkijat.net\/Sivut\/wp-content\/uploads\/2023\/08\/iisvesiKuha2011_2.jpg\" alt=\"\" class=\"wp-image-1300\" srcset=\"https:\/\/www.siimansotkijat.net\/Sivut\/wp-content\/uploads\/2023\/08\/iisvesiKuha2011_2.jpg 480w, https:\/\/www.siimansotkijat.net\/Sivut\/wp-content\/uploads\/2023\/08\/iisvesiKuha2011_2-225x300.jpg 225w\" sizes=\"(max-width: 480px) 100vw, 480px\" \/><\/a><\/figure>\n\n\n\n<figure class=\"wp-block-image size-large\"><a href=\"http:\/\/www.siimansotkijat.net\/Sivut\/wp-content\/uploads\/2023\/08\/iisvesiKuha2011_3.jpg\"><img loading=\"lazy\" decoding=\"async\" width=\"480\" height=\"640\" data-id=\"1301\" src=\"http:\/\/www.siimansotkijat.net\/Sivut\/wp-content\/uploads\/2023\/08\/iisvesiKuha2011_3.jpg\" alt=\"\" class=\"wp-image-1301\" srcset=\"https:\/\/www.siimansotkijat.net\/Sivut\/wp-content\/uploads\/2023\/08\/iisvesiKuha2011_3.jpg 480w, https:\/\/www.siimansotkijat.net\/Sivut\/wp-content\/uploads\/2023\/08\/iisvesiKuha2011_3-225x300.jpg 225w\" sizes=\"(max-width: 480px) 100vw, 480px\" \/><\/a><\/figure>\n\n\n\n<figure class=\"wp-block-image size-large\"><a href=\"http:\/\/www.siimansotkijat.net\/Sivut\/wp-content\/uploads\/2023\/08\/iisvesiKuha2011_4.jpg\"><img loading=\"lazy\" decoding=\"async\" width=\"480\" height=\"640\" data-id=\"1302\" src=\"http:\/\/www.siimansotkijat.net\/Sivut\/wp-content\/uploads\/2023\/08\/iisvesiKuha2011_4.jpg\" alt=\"\" class=\"wp-image-1302\" srcset=\"https:\/\/www.siimansotkijat.net\/Sivut\/wp-content\/uploads\/2023\/08\/iisvesiKuha2011_4.jpg 480w, https:\/\/www.siimansotkijat.net\/Sivut\/wp-content\/uploads\/2023\/08\/iisvesiKuha2011_4-225x300.jpg 225w\" sizes=\"(max-width: 480px) 100vw, 480px\" \/><\/a><\/figure>\n<\/figure>\n\n\n\n<hr class=\"wp-block-separator has-alpha-channel-opacity\"\/>\n\n\n\n<hr class=\"wp-block-separator has-alpha-channel-opacity\"\/>\n\n\n\n<p class=\"has-medium-font-size\"><strong>Suontee 1.7.2011<\/strong><\/p>\n\n\n\n<p style=\"font-size:19px\">Seuracupin toinen osakilpailu k\u00e4ytiin aurinkoisella suonteella, voittajaksi selviytyi&nbsp;<strong>Marko Turpeinen<\/strong>&nbsp;ja<strong>&nbsp;Seppo Hujanen<\/strong>.<\/p>\n\n\n\n<p style=\"font-size:19px\">Toisella sijalla&nbsp;<strong>Arto<\/strong>&nbsp;ja<strong>&nbsp;Mika Suihkonen<\/strong>.<\/p>\n\n\n\n<p style=\"font-size:19px\">Kolmannella sijalla&nbsp;<strong>Turpeinen Henri<\/strong>,&nbsp;<strong>Antti Kolari<\/strong>&nbsp;ja<strong>&nbsp;Jimi Turkka<\/strong>.<\/p>\n\n\n\n<figure class=\"wp-block-image size-full is-resized\"><img loading=\"lazy\" decoding=\"async\" src=\"http:\/\/www.siimansotkijat.net\/Sivut\/wp-content\/uploads\/2023\/08\/Screenshot-from-2023-08-13-10-27-47.png\" alt=\"\" class=\"wp-image-1303\" width=\"835\" height=\"369\" srcset=\"https:\/\/www.siimansotkijat.net\/Sivut\/wp-content\/uploads\/2023\/08\/Screenshot-from-2023-08-13-10-27-47.png 723w, https:\/\/www.siimansotkijat.net\/Sivut\/wp-content\/uploads\/2023\/08\/Screenshot-from-2023-08-13-10-27-47-300x133.png 300w\" sizes=\"(max-width: 835px) 100vw, 835px\" \/><\/figure>\n\n\n\n<figure class=\"wp-block-gallery has-nested-images columns-default is-cropped wp-block-gallery-3 is-layout-flex wp-block-gallery-is-layout-flex\">\n<figure class=\"wp-block-image size-large\"><a href=\"http:\/\/www.siimansotkijat.net\/Sivut\/wp-content\/uploads\/2023\/08\/GetAttachment.aspx_.2.jpg\"><img loading=\"lazy\" decoding=\"async\" width=\"213\" height=\"160\" data-id=\"1304\" src=\"http:\/\/www.siimansotkijat.net\/Sivut\/wp-content\/uploads\/2023\/08\/GetAttachment.aspx_.2.jpg\" alt=\"\" class=\"wp-image-1304\"\/><\/a><\/figure>\n\n\n\n<figure class=\"wp-block-image size-large\"><a href=\"http:\/\/www.siimansotkijat.net\/Sivut\/wp-content\/uploads\/2023\/08\/GetAttachment.aspx_.jpg3_.jpg\"><img loading=\"lazy\" decoding=\"async\" width=\"213\" height=\"160\" data-id=\"1305\" src=\"http:\/\/www.siimansotkijat.net\/Sivut\/wp-content\/uploads\/2023\/08\/GetAttachment.aspx_.jpg3_.jpg\" alt=\"\" class=\"wp-image-1305\"\/><\/a><\/figure>\n\n\n\n<figure class=\"wp-block-image size-large\"><a href=\"http:\/\/www.siimansotkijat.net\/Sivut\/wp-content\/uploads\/2023\/08\/GetAttachment.aspx_.1.jpg\"><img loading=\"lazy\" decoding=\"async\" width=\"213\" height=\"160\" data-id=\"1306\" src=\"http:\/\/www.siimansotkijat.net\/Sivut\/wp-content\/uploads\/2023\/08\/GetAttachment.aspx_.1.jpg\" alt=\"\" class=\"wp-image-1306\"\/><\/a><\/figure>\n<\/figure>\n\n\n\n<hr class=\"wp-block-separator has-alpha-channel-opacity\"\/>\n\n\n\n<hr class=\"wp-block-separator has-alpha-channel-opacity\"\/>\n\n\n\n<p class=\"has-medium-font-size\"><strong>Iisvesi 18.6.2011<\/strong><\/p>\n\n\n\n<p style=\"font-size:19px\">Seuracupin avausosakilpailu k\u00e4ytiin Iisvedell\u00e4, voittajaksi selviytyi komean 4920g painaneen kuhan siivitt\u00e4m\u00e4n\u00e4\u00a0<strong>Marko Kolari\u00a0<\/strong>ja\u00a0<strong>Juha Piironen<\/strong>.<\/p>\n\n\n\n<p style=\"font-size:19px\">Toisen sijan nappasi<strong>&nbsp;Marko Turpeinen<\/strong>&nbsp;ja&nbsp;<strong>Jyrki Haataja<\/strong>.<\/p>\n\n\n\n<p style=\"font-size:19px\">Kolmas sija meni<strong>&nbsp;Ilkka Turuselle<\/strong>&nbsp;ja&nbsp;<strong>Krisrian Viitaselle<\/strong>.<\/p>\n\n\n\n<figure class=\"wp-block-image size-full is-resized\"><img loading=\"lazy\" decoding=\"async\" src=\"http:\/\/www.siimansotkijat.net\/Sivut\/wp-content\/uploads\/2023\/08\/Screenshot-from-2023-08-13-10-32-23.png\" alt=\"\" class=\"wp-image-1307\" width=\"825\" height=\"365\" srcset=\"https:\/\/www.siimansotkijat.net\/Sivut\/wp-content\/uploads\/2023\/08\/Screenshot-from-2023-08-13-10-32-23.png 723w, https:\/\/www.siimansotkijat.net\/Sivut\/wp-content\/uploads\/2023\/08\/Screenshot-from-2023-08-13-10-32-23-300x133.png 300w, https:\/\/www.siimansotkijat.net\/Sivut\/wp-content\/uploads\/2023\/08\/Screenshot-from-2023-08-13-10-32-23-720x320.png 720w\" sizes=\"(max-width: 825px) 100vw, 825px\" \/><\/figure>\n\n\n\n<figure class=\"wp-block-gallery has-nested-images columns-default is-cropped wp-block-gallery-4 is-layout-flex wp-block-gallery-is-layout-flex\">\n<figure class=\"wp-block-image size-large\"><a href=\"http:\/\/www.siimansotkijat.net\/Sivut\/wp-content\/uploads\/2023\/08\/IMG_3284.jpg\"><img loading=\"lazy\" decoding=\"async\" width=\"640\" height=\"480\" data-id=\"1310\" src=\"http:\/\/www.siimansotkijat.net\/Sivut\/wp-content\/uploads\/2023\/08\/IMG_3284.jpg\" alt=\"\" class=\"wp-image-1310\" srcset=\"https:\/\/www.siimansotkijat.net\/Sivut\/wp-content\/uploads\/2023\/08\/IMG_3284.jpg 640w, https:\/\/www.siimansotkijat.net\/Sivut\/wp-content\/uploads\/2023\/08\/IMG_3284-300x225.jpg 300w\" sizes=\"(max-width: 640px) 100vw, 640px\" \/><\/a><\/figure>\n\n\n\n<figure class=\"wp-block-image size-large\"><a href=\"http:\/\/www.siimansotkijat.net\/Sivut\/wp-content\/uploads\/2023\/08\/IMG_3287.jpg\"><img loading=\"lazy\" decoding=\"async\" width=\"640\" height=\"480\" data-id=\"1311\" src=\"http:\/\/www.siimansotkijat.net\/Sivut\/wp-content\/uploads\/2023\/08\/IMG_3287.jpg\" alt=\"\" class=\"wp-image-1311\" srcset=\"https:\/\/www.siimansotkijat.net\/Sivut\/wp-content\/uploads\/2023\/08\/IMG_3287.jpg 640w, https:\/\/www.siimansotkijat.net\/Sivut\/wp-content\/uploads\/2023\/08\/IMG_3287-300x225.jpg 300w\" sizes=\"(max-width: 640px) 100vw, 640px\" \/><\/a><\/figure>\n<\/figure>\n","protected":false},"excerpt":{"rendered":"<p>Suontee 8.10.2011 Seuracupin viimeinen ja samalla yleinen taimenuistelu k\u00e4ytiin Suonteella syksyn aurinkoisempana p\u00e4iv\u00e4n\u00e4.Venekuntia oli mukana 16 ja puntarille tuli 2 mitant\u00e4ytt\u00e4v\u00e4\u00e4 (50cm) taimenta. Voiton vei&nbsp;Vaittiset.&nbsp;Jarmo,&nbsp;Piia&nbsp;ja&nbsp;Minna&nbsp;2165g painaneella taimenella. Toiseksi tuli&nbsp;Seppo&nbsp;ja&nbsp;Raili Hujanen&nbsp;1562g painaneella kalalla. Onnittelut kaloja saaneille. Iisvesi 29.7.2011 Seuracupin kolmas osakilpailu oli Iisveden kuhakisa, voittajaksi selviytyi&nbsp;Marko Hyv\u00f6nen,&nbsp;Ville Hyv\u00f6nen&nbsp;ja&nbsp;Anu Huttunen&nbsp;komealla 12103g yhteistuloksella. Toisena&nbsp;Marko Turpeinen&nbsp;ja&nbsp;Seppo Hujanen&nbsp;yhteistuloksella 3510g. Kolmannen [&hellip;]<\/p>\n","protected":false},"author":1,"featured_media":0,"parent":0,"menu_order":0,"comment_status":"closed","ping_status":"closed","template":"","meta":{"footnotes":""},"_links":{"self":[{"href":"https:\/\/www.siimansotkijat.net\/Sivut\/wp-json\/wp\/v2\/pages\/1292"}],"collection":[{"href":"https:\/\/www.siimansotkijat.net\/Sivut\/wp-json\/wp\/v2\/pages"}],"about":[{"href":"https:\/\/www.siimansotkijat.net\/Sivut\/wp-json\/wp\/v2\/types\/page"}],"author":[{"embeddable":true,"href":"https:\/\/www.siimansotkijat.net\/Sivut\/wp-json\/wp\/v2\/users\/1"}],"replies":[{"embeddable":true,"href":"https:\/\/www.siimansotkijat.net\/Sivut\/wp-json\/wp\/v2\/comments?post=1292"}],"version-history":[{"count":2,"href":"https:\/\/www.siimansotkijat.net\/Sivut\/wp-json\/wp\/v2\/pages\/1292\/revisions"}],"predecessor-version":[{"id":1312,"href":"https:\/\/www.siimansotkijat.net\/Sivut\/wp-json\/wp\/v2\/pages\/1292\/revisions\/1312"}],"wp:attachment":[{"href":"https:\/\/www.siimansotkijat.net\/Sivut\/wp-json\/wp\/v2\/media?parent=1292"}],"curies":[{"name":"wp","href":"https:\/\/api.w.org\/{rel}","templated":true}]}}