{"id":1315,"date":"2023-08-13T10:45:08","date_gmt":"2023-08-13T07:45:08","guid":{"rendered":"http:\/\/www.siimansotkijat.net\/Sivut\/?page_id=1315"},"modified":"2023-08-13T10:48:07","modified_gmt":"2023-08-13T07:48:07","slug":"seuracup-2010","status":"publish","type":"page","link":"https:\/\/www.siimansotkijat.net\/Sivut\/seuracup-2010\/","title":{"rendered":"Seuracup 2010"},"content":{"rendered":"\n<figure class=\"wp-block-image size-full\"><img loading=\"lazy\" decoding=\"async\" width=\"640\" height=\"480\" src=\"http:\/\/www.siimansotkijat.net\/Sivut\/wp-content\/uploads\/2023\/08\/leipis.htm.jpg\" alt=\"\" class=\"wp-image-1316\" srcset=\"https:\/\/www.siimansotkijat.net\/Sivut\/wp-content\/uploads\/2023\/08\/leipis.htm.jpg 640w, https:\/\/www.siimansotkijat.net\/Sivut\/wp-content\/uploads\/2023\/08\/leipis.htm-300x225.jpg 300w\" sizes=\"(max-width: 640px) 100vw, 640px\" \/><\/figure>\n\n\n\n<figure class=\"wp-block-image size-full is-resized\"><img loading=\"lazy\" decoding=\"async\" src=\"http:\/\/www.siimansotkijat.net\/Sivut\/wp-content\/uploads\/2023\/08\/Screenshot-from-2023-08-13-10-41-50.png\" alt=\"\" class=\"wp-image-1317\" width=\"647\" height=\"535\" srcset=\"https:\/\/www.siimansotkijat.net\/Sivut\/wp-content\/uploads\/2023\/08\/Screenshot-from-2023-08-13-10-41-50.png 555w, https:\/\/www.siimansotkijat.net\/Sivut\/wp-content\/uploads\/2023\/08\/Screenshot-from-2023-08-13-10-41-50-300x248.png 300w\" sizes=\"(max-width: 647px) 100vw, 647px\" \/><\/figure>\n\n\n\n<p class=\"has-medium-font-size\"><strong>Suontee<\/strong><\/p>\n\n\n\n<p style=\"font-size:19px\">Taimenvetouistelu suonteella<br>Seuracuppiin 1 osallistumispiste taimen kisasta seuraaville.<br>Timo Piiroinen, Veikko Taavitsainen, Markku Rossi, Marko Hyv\u00f6nen,<br>Tarmo Turpeinen, Jarmo Vaittinen, Arto Suihkonen, Seppo Hujanen,<br>Ilkka Turunen, Ari V\u00e4nttinen,Arto Karinen, Erkki K\u00f6n\u00f6nen,<br>Jouni Jeminen, Tuomo Nyyss\u00f6nen, Eero T\u00e4hk\u00e4p\u00e4\u00e4.<\/p>\n\n\n\n<hr class=\"wp-block-separator has-alpha-channel-opacity\"\/>\n\n\n\n<hr class=\"wp-block-separator has-alpha-channel-opacity\"\/>\n\n\n\n<p class=\"has-medium-font-size\"><strong>Iisvesi 23.7.2010<\/strong><\/p>\n\n\n\n<p style=\"font-size:19px\"><br>Kuhat olivat Iisvedess\u00e4 ja Niinivedess\u00e4 otillaan seuracupin kolmannessa kisassa.<br>Voittoon uisteli ylivoimaisesti venekunta<strong>\u00a0Jouni Jeminen \/ Jani Hokkanen<\/strong>\u00a0kolmella<br>kuhalla, jotka painoivat 7540g. Suurin painoi 3880g. Komeita k\u00f6llik\u00f6it\u00e4!<br><br><strong>Tulokset<\/strong>:<\/p>\n\n\n\n<figure class=\"wp-block-table\"><table><tbody><tr><td><strong>Osallistuja:<\/strong><\/td><td><strong>Yhteistulos:<\/strong><\/td><td><strong>Cup pisteit\u00e4:<\/strong><\/td><\/tr><tr><td><strong>1. Jouni Jeminen\/Jani Hokkanen 3kpl<\/strong><\/td><td>7540g<\/td><td>11<\/td><\/tr><tr><td><strong>2. Marko Hyv\u00f6nen\/ Hannu Hakulinen 4kp<\/strong>l<\/td><td>3240g<\/td><td>10<\/td><\/tr><tr><td><strong>3. Ari V\u00e4nttinen\/Lauri Vilhunen 3kpl<\/strong><\/td><td>3200g<\/td><td>9<\/td><\/tr><tr><td><strong>4. Kari Saastamoinen 1kpl<\/strong><\/td><td>2140g<\/td><td>8<\/td><\/tr><tr><td><strong>5. Timo Piiroinen\/Markku Malinen 2kpl<\/strong><\/td><td>1860g<\/td><td>7<\/td><\/tr><tr><td><strong>6. Hannu Korhonen\/Pekka Vornanen 1kpl<\/strong><\/td><td>1500g<\/td><td>6<\/td><\/tr><tr><td><strong>7. Arto Suihkonen\/Mika Suihkonen 2kpl<\/strong><\/td><td>1500g<\/td><td>5<\/td><\/tr><tr><td><strong>8. Markku Rossi\/Janne Markkanen 1kpl<\/strong><\/td><td>920g<\/td><td>4<\/td><\/tr><tr><td><strong>9. Henri Turpeinen\/Marko Turpeinen 1kpl<\/strong><\/td><td>780g<\/td><td>3<\/td><\/tr><tr><td><strong>10. I Turunen\/K Viitanen\/J Ven\u00e4l\u00e4inen 1kpl<\/strong><\/td><td>660g<\/td><td>2<\/td><\/tr><tr><td><strong>11. Jarmo Vaittinen\/Piia ja Minna<\/strong><\/td><td>&#8211;<\/td><td>1<\/td><\/tr><tr><td><strong>11. Juha Hyttil\u00e4\/Seppo Happonen<\/strong><\/td><td>&#8211;<\/td><td>1<\/td><\/tr><\/tbody><\/table><\/figure>\n\n\n\n<hr class=\"wp-block-separator has-alpha-channel-opacity\"\/>\n\n\n\n<hr class=\"wp-block-separator has-alpha-channel-opacity\"\/>\n\n\n\n<p class=\"has-medium-font-size\"><strong>Suontee<\/strong><\/p>\n\n\n\n<p style=\"font-size:19px\">Varovaista oli kuhan sy\u00f6nti Suonteella. Venekuntia oli 12.<\/p>\n\n\n\n<figure class=\"wp-block-table\"><table><tbody><tr><td>Osallistuja:<\/td><td>Yhteistulos:<\/td><td>Cup pisteit\u00e4:<\/td><\/tr><tr><td><strong>1. Marko Hyv\u00f6nen\/ Hannu Hakulinen<\/strong><\/td><td><strong>967g<\/strong><\/td><td><strong>11p<\/strong><\/td><\/tr><tr><td><strong>2. Jarmo Vaittinen\/ Piia Vaittinen<\/strong><\/td><td><strong>850g<\/strong><\/td><td><strong>10p<\/strong><\/td><\/tr><tr><td><strong>3. Timo Piiroinen\/ Markku Malinen<\/strong><\/td><td><strong>780g<\/strong><\/td><td><strong>9p<\/strong><\/td><\/tr><\/tbody><\/table><\/figure>\n\n\n\n<p style=\"font-size:19px\"><br>Ei muita mitallisia kaloja. Osallistumispiste seuraaville.<br>Kari Saastamoinen, Hannu Korhonen, Henri Turpeinen, Ari V\u00e4nttinen<\/p>\n\n\n\n<hr class=\"wp-block-separator has-alpha-channel-opacity\"\/>\n\n\n\n<hr class=\"wp-block-separator has-alpha-channel-opacity\"\/>\n\n\n\n<p class=\"has-medium-font-size\"><strong>Iisvesi 13.6.2010<\/strong><\/p>\n\n\n\n<p style=\"font-size:19px\">Seuracupin ensimm\u00e4inen kisa k\u00e4ytiin Iisvedell\u00e4 kaiken kalan kisana.<\/p>\n\n\n\n<p style=\"font-size:19px\">Voiton veiv\u00e4t&nbsp;<strong>Hannu Korhonen<\/strong>&nbsp;ja&nbsp;<strong>Jari Koponen<\/strong>. Toiseksi sijoittui venekunta&nbsp;<strong>Joni ja Osmo Talja<\/strong>. Kolmannen sijan nappasivat&nbsp;<strong>Henri ja Marko Turpeinen<\/strong>.<\/p>\n","protected":false},"excerpt":{"rendered":"<p>Suontee Taimenvetouistelu suonteellaSeuracuppiin 1 osallistumispiste taimen kisasta seuraaville.Timo Piiroinen, Veikko Taavitsainen, Markku Rossi, Marko Hyv\u00f6nen,Tarmo Turpeinen, Jarmo Vaittinen, Arto Suihkonen, Seppo Hujanen,Ilkka Turunen, Ari V\u00e4nttinen,Arto Karinen, Erkki K\u00f6n\u00f6nen,Jouni Jeminen, Tuomo Nyyss\u00f6nen, Eero T\u00e4hk\u00e4p\u00e4\u00e4. Iisvesi 23.7.2010 Kuhat olivat Iisvedess\u00e4 ja Niinivedess\u00e4 otillaan seuracupin kolmannessa kisassa.Voittoon uisteli ylivoimaisesti venekunta\u00a0Jouni Jeminen \/ Jani Hokkanen\u00a0kolmellakuhalla, jotka painoivat 7540g. Suurin [&hellip;]<\/p>\n","protected":false},"author":1,"featured_media":0,"parent":0,"menu_order":0,"comment_status":"closed","ping_status":"closed","template":"","meta":{"footnotes":""},"_links":{"self":[{"href":"https:\/\/www.siimansotkijat.net\/Sivut\/wp-json\/wp\/v2\/pages\/1315"}],"collection":[{"href":"https:\/\/www.siimansotkijat.net\/Sivut\/wp-json\/wp\/v2\/pages"}],"about":[{"href":"https:\/\/www.siimansotkijat.net\/Sivut\/wp-json\/wp\/v2\/types\/page"}],"author":[{"embeddable":true,"href":"https:\/\/www.siimansotkijat.net\/Sivut\/wp-json\/wp\/v2\/users\/1"}],"replies":[{"embeddable":true,"href":"https:\/\/www.siimansotkijat.net\/Sivut\/wp-json\/wp\/v2\/comments?post=1315"}],"version-history":[{"count":3,"href":"https:\/\/www.siimansotkijat.net\/Sivut\/wp-json\/wp\/v2\/pages\/1315\/revisions"}],"predecessor-version":[{"id":1322,"href":"https:\/\/www.siimansotkijat.net\/Sivut\/wp-json\/wp\/v2\/pages\/1315\/revisions\/1322"}],"wp:attachment":[{"href":"https:\/\/www.siimansotkijat.net\/Sivut\/wp-json\/wp\/v2\/media?parent=1315"}],"curies":[{"name":"wp","href":"https:\/\/api.w.org\/{rel}","templated":true}]}}