{"id":1693,"date":"2026-04-06T16:36:20","date_gmt":"2026-04-06T13:36:20","guid":{"rendered":"https:\/\/www.siimansotkijat.net\/Sivut\/?page_id=1693"},"modified":"2026-04-18T07:44:51","modified_gmt":"2026-04-18T04:44:51","slug":"seuracup-2026","status":"publish","type":"page","link":"https:\/\/www.siimansotkijat.net\/Sivut\/seuracup-2026\/","title":{"rendered":"Seuracup 2026"},"content":{"rendered":"\n<figure class=\"wp-block-table\"><table><tbody><tr><td>1<\/td><td>16.5.2026<\/td><td>Konnevesi<\/td><td>10:00-16:00 + 15 min siirtym\u00e4t<\/td><td>Savoniacup kertoimet<\/td><\/tr><tr><td>2<\/td><td>26.6.2026<\/td><td>Niinivesi<\/td><td>18:00-23:00 + 15 min siirtym\u00e4t<\/td><td>Kertoimet kipparikokouksessa<\/td><\/tr><tr><td>3<\/td><td>17.7.2026<\/td><td>Iisvesi<\/td><td>18:00-23:00 + 15 min siirtym\u00e4t<\/td><td>Kuhan kerroin 10<\/td><\/tr><tr><td>4<\/td><td>16.8.2026<\/td><td>Iisvesi\/Niinivesi<\/td><td>10:00-16:00 + 30 min siirtym\u00e4t<\/td><td>Savoniacup kertoimet<\/td><\/tr><\/tbody><\/table><\/figure>\n","protected":false},"excerpt":{"rendered":"<p>1 16.5.2026 Konnevesi 10:00-16:00 + 15 min siirtym\u00e4t Savoniacup kertoimet 2 26.6.2026 Niinivesi 18:00-23:00 + 15 min siirtym\u00e4t Kertoimet kipparikokouksessa 3 17.7.2026 Iisvesi 18:00-23:00 + 15 min siirtym\u00e4t Kuhan kerroin 10 4 16.8.2026 Iisvesi\/Niinivesi 10:00-16:00 + 30 min siirtym\u00e4t Savoniacup kertoimet<\/p>\n","protected":false},"author":1,"featured_media":0,"parent":0,"menu_order":0,"comment_status":"closed","ping_status":"closed","template":"","meta":{"footnotes":""},"_links":{"self":[{"href":"https:\/\/www.siimansotkijat.net\/Sivut\/wp-json\/wp\/v2\/pages\/1693"}],"collection":[{"href":"https:\/\/www.siimansotkijat.net\/Sivut\/wp-json\/wp\/v2\/pages"}],"about":[{"href":"https:\/\/www.siimansotkijat.net\/Sivut\/wp-json\/wp\/v2\/types\/page"}],"author":[{"embeddable":true,"href":"https:\/\/www.siimansotkijat.net\/Sivut\/wp-json\/wp\/v2\/users\/1"}],"replies":[{"embeddable":true,"href":"https:\/\/www.siimansotkijat.net\/Sivut\/wp-json\/wp\/v2\/comments?post=1693"}],"version-history":[{"count":4,"href":"https:\/\/www.siimansotkijat.net\/Sivut\/wp-json\/wp\/v2\/pages\/1693\/revisions"}],"predecessor-version":[{"id":1703,"href":"https:\/\/www.siimansotkijat.net\/Sivut\/wp-json\/wp\/v2\/pages\/1693\/revisions\/1703"}],"wp:attachment":[{"href":"https:\/\/www.siimansotkijat.net\/Sivut\/wp-json\/wp\/v2\/media?parent=1693"}],"curies":[{"name":"wp","href":"https:\/\/api.w.org\/{rel}","templated":true}]}}